{"id":2712,"date":"2024-03-27T15:17:37","date_gmt":"2024-03-27T12:17:37","guid":{"rendered":"https:\/\/kayawebtasarim.com\/demo\/?page_id=2712"},"modified":"2024-04-20T16:06:20","modified_gmt":"2024-04-20T13:06:20","slug":"bizimle-yatirim-yapin","status":"publish","type":"page","link":"https:\/\/ausinternationalbuilders.com.au\/tr\/bizimle-yatirim-yapin\/","title":{"rendered":"Bizimle Yat\u0131r\u0131m Yap\u0131n"},"content":{"rendered":"\t\t<div data-elementor-type=\"wp-page\" data-elementor-id=\"2712\" class=\"elementor elementor-2712\">\n\t\t\t\t\t\t<section class=\"elementor-section elementor-top-section elementor-element elementor-element-0602235 elementor-section-height-min-height elementor-section-boxed elementor-section-height-default elementor-section-items-middle wpr-particle-no wpr-jarallax-no wpr-parallax-no wpr-sticky-section-no\" data-id=\"0602235\" data-element_type=\"section\" data-settings=\"{&quot;background_background&quot;:&quot;classic&quot;}\">\n\t\t\t\t\t\t\t<div class=\"elementor-background-overlay\"><\/div>\n\t\t\t\t\t\t\t<div class=\"elementor-container elementor-column-gap-default\">\n\t\t\t\t\t<div class=\"elementor-column elementor-col-100 elementor-top-column elementor-element elementor-element-982d878\" data-id=\"982d878\" data-element_type=\"column\">\n\t\t\t<div class=\"elementor-widget-wrap elementor-element-populated\">\n\t\t\t\t\t\t<div class=\"elementor-element elementor-element-840b083 elementor-widget elementor-widget-heading\" data-id=\"840b083\" data-element_type=\"widget\" data-widget_type=\"heading.default\">\n\t\t\t\t<div class=\"elementor-widget-container\">\n\t\t\t<style>\/*! elementor - v3.21.0 - 20-05-2024 *\/\n.elementor-heading-title{padding:0;margin:0;line-height:1}.elementor-widget-heading .elementor-heading-title[class*=elementor-size-]>a{color:inherit;font-size:inherit;line-height:inherit}.elementor-widget-heading .elementor-heading-title.elementor-size-small{font-size:15px}.elementor-widget-heading .elementor-heading-title.elementor-size-medium{font-size:19px}.elementor-widget-heading .elementor-heading-title.elementor-size-large{font-size:29px}.elementor-widget-heading .elementor-heading-title.elementor-size-xl{font-size:39px}.elementor-widget-heading .elementor-heading-title.elementor-size-xxl{font-size:59px}<\/style><h2 class=\"elementor-heading-title elementor-size-default\">Yat\u0131r\u0131m<\/h2>\t\t<\/div>\n\t\t\t\t<\/div>\n\t\t\t\t\t<\/div>\n\t\t<\/div>\n\t\t\t\t\t<\/div>\n\t\t<\/section>\n\t\t<div class=\"elementor-element elementor-element-fa6c4e9 e-flex e-con-boxed wpr-particle-no wpr-jarallax-no wpr-parallax-no wpr-sticky-section-no e-con e-parent\" data-id=\"fa6c4e9\" data-element_type=\"container\">\n\t\t\t\t\t<div class=\"e-con-inner\">\n\t\t\t\t<div class=\"elementor-element elementor-element-0445991 elementor-widget elementor-widget-heading\" data-id=\"0445991\" data-element_type=\"widget\" data-widget_type=\"heading.default\">\n\t\t\t\t<div class=\"elementor-widget-container\">\n\t\t\t<h2 class=\"elementor-heading-title elementor-size-default\">Bilin\u00e7li bir yat\u0131r\u0131m f\u0131rsat\u0131 m\u0131 ar\u0131yorsunuz?<\/h2>\t\t<\/div>\n\t\t\t\t<\/div>\n\t\t\t\t<div class=\"elementor-element elementor-element-afea46b elementor-widget-divider--view-line elementor-widget elementor-widget-divider\" data-id=\"afea46b\" data-element_type=\"widget\" data-widget_type=\"divider.default\">\n\t\t\t\t<div class=\"elementor-widget-container\">\n\t\t\t<style>\/*! elementor - v3.21.0 - 20-05-2024 *\/\n.elementor-widget-divider{--divider-border-style:none;--divider-border-width:1px;--divider-color:#0c0d0e;--divider-icon-size:20px;--divider-element-spacing:10px;--divider-pattern-height:24px;--divider-pattern-size:20px;--divider-pattern-url:none;--divider-pattern-repeat:repeat-x}.elementor-widget-divider .elementor-divider{display:flex}.elementor-widget-divider .elementor-divider__text{font-size:15px;line-height:1;max-width:95%}.elementor-widget-divider .elementor-divider__element{margin:0 var(--divider-element-spacing);flex-shrink:0}.elementor-widget-divider .elementor-icon{font-size:var(--divider-icon-size)}.elementor-widget-divider .elementor-divider-separator{display:flex;margin:0;direction:ltr}.elementor-widget-divider--view-line_icon .elementor-divider-separator,.elementor-widget-divider--view-line_text .elementor-divider-separator{align-items:center}.elementor-widget-divider--view-line_icon .elementor-divider-separator:after,.elementor-widget-divider--view-line_icon .elementor-divider-separator:before,.elementor-widget-divider--view-line_text .elementor-divider-separator:after,.elementor-widget-divider--view-line_text .elementor-divider-separator:before{display:block;content:\"\";border-block-end:0;flex-grow:1;border-block-start:var(--divider-border-width) var(--divider-border-style) var(--divider-color)}.elementor-widget-divider--element-align-left .elementor-divider .elementor-divider-separator>.elementor-divider__svg:first-of-type{flex-grow:0;flex-shrink:100}.elementor-widget-divider--element-align-left .elementor-divider-separator:before{content:none}.elementor-widget-divider--element-align-left .elementor-divider__element{margin-left:0}.elementor-widget-divider--element-align-right .elementor-divider .elementor-divider-separator>.elementor-divider__svg:last-of-type{flex-grow:0;flex-shrink:100}.elementor-widget-divider--element-align-right .elementor-divider-separator:after{content:none}.elementor-widget-divider--element-align-right .elementor-divider__element{margin-right:0}.elementor-widget-divider--element-align-start .elementor-divider .elementor-divider-separator>.elementor-divider__svg:first-of-type{flex-grow:0;flex-shrink:100}.elementor-widget-divider--element-align-start .elementor-divider-separator:before{content:none}.elementor-widget-divider--element-align-start .elementor-divider__element{margin-inline-start:0}.elementor-widget-divider--element-align-end .elementor-divider .elementor-divider-separator>.elementor-divider__svg:last-of-type{flex-grow:0;flex-shrink:100}.elementor-widget-divider--element-align-end .elementor-divider-separator:after{content:none}.elementor-widget-divider--element-align-end .elementor-divider__element{margin-inline-end:0}.elementor-widget-divider:not(.elementor-widget-divider--view-line_text):not(.elementor-widget-divider--view-line_icon) .elementor-divider-separator{border-block-start:var(--divider-border-width) var(--divider-border-style) var(--divider-color)}.elementor-widget-divider--separator-type-pattern{--divider-border-style:none}.elementor-widget-divider--separator-type-pattern.elementor-widget-divider--view-line .elementor-divider-separator,.elementor-widget-divider--separator-type-pattern:not(.elementor-widget-divider--view-line) .elementor-divider-separator:after,.elementor-widget-divider--separator-type-pattern:not(.elementor-widget-divider--view-line) .elementor-divider-separator:before,.elementor-widget-divider--separator-type-pattern:not([class*=elementor-widget-divider--view]) .elementor-divider-separator{width:100%;min-height:var(--divider-pattern-height);-webkit-mask-size:var(--divider-pattern-size) 100%;mask-size:var(--divider-pattern-size) 100%;-webkit-mask-repeat:var(--divider-pattern-repeat);mask-repeat:var(--divider-pattern-repeat);background-color:var(--divider-color);-webkit-mask-image:var(--divider-pattern-url);mask-image:var(--divider-pattern-url)}.elementor-widget-divider--no-spacing{--divider-pattern-size:auto}.elementor-widget-divider--bg-round{--divider-pattern-repeat:round}.rtl .elementor-widget-divider .elementor-divider__text{direction:rtl}.e-con-inner>.elementor-widget-divider,.e-con>.elementor-widget-divider{width:var(--container-widget-width,100%);--flex-grow:var(--container-widget-flex-grow)}<\/style>\t\t<div class=\"elementor-divider\">\n\t\t\t<span class=\"elementor-divider-separator\">\n\t\t\t\t\t\t<\/span>\n\t\t<\/div>\n\t\t\t\t<\/div>\n\t\t\t\t<\/div>\n\t\t\t\t\t<\/div>\n\t\t\t\t<\/div>\n\t\t\t\t<section class=\"elementor-section elementor-top-section elementor-element elementor-element-63bd212 skt-glaziers-section-2 elementor-section-boxed elementor-section-height-default elementor-section-height-default wpr-particle-no wpr-jarallax-no wpr-parallax-no wpr-sticky-section-no\" data-id=\"63bd212\" data-element_type=\"section\" data-settings=\"{&quot;background_background&quot;:&quot;classic&quot;}\">\n\t\t\t\t\t\t<div class=\"elementor-container elementor-column-gap-default\">\n\t\t\t\t\t<div class=\"elementor-column elementor-col-50 elementor-top-column elementor-element elementor-element-a8a6985 skt-glaziers-section-2-left\" data-id=\"a8a6985\" data-element_type=\"column\">\n\t\t\t<div class=\"elementor-widget-wrap elementor-element-populated\">\n\t\t\t\t\t\t<section class=\"elementor-section elementor-inner-section elementor-element elementor-element-2b75fbc elementor-section-boxed elementor-section-height-default elementor-section-height-default wpr-particle-no wpr-jarallax-no wpr-parallax-no wpr-sticky-section-no\" data-id=\"2b75fbc\" data-element_type=\"section\">\n\t\t\t\t\t\t<div class=\"elementor-container elementor-column-gap-default\">\n\t\t\t\t\t<div class=\"elementor-column elementor-col-50 elementor-inner-column elementor-element elementor-element-1965353\" data-id=\"1965353\" data-element_type=\"column\">\n\t\t\t<div class=\"elementor-widget-wrap elementor-element-populated\">\n\t\t\t\t\t\t<div class=\"elementor-element elementor-element-c0f43fe elementor-widget elementor-widget-image\" data-id=\"c0f43fe\" data-element_type=\"widget\" data-widget_type=\"image.default\">\n\t\t\t\t<div class=\"elementor-widget-container\">\n\t\t\t<style>\/*! elementor - v3.21.0 - 20-05-2024 *\/\n.elementor-widget-image{text-align:center}.elementor-widget-image a{display:inline-block}.elementor-widget-image a img[src$=\".svg\"]{width:48px}.elementor-widget-image img{vertical-align:middle;display:inline-block}<\/style>\t\t\t\t\t\t\t\t\t\t<img fetchpriority=\"high\" decoding=\"async\" width=\"1600\" height=\"1066\" src=\"https:\/\/ausinternationalbuilders.com.au\/tr\/wp-content\/uploads\/2024\/04\/IMG-20240403-WA0019-1-1.jpg\" class=\"attachment-full size-full wp-image-3333\" alt=\"\" srcset=\"https:\/\/ausinternationalbuilders.com.au\/tr\/wp-content\/uploads\/2024\/04\/IMG-20240403-WA0019-1-1.jpg 1600w, https:\/\/ausinternationalbuilders.com.au\/tr\/wp-content\/uploads\/2024\/04\/IMG-20240403-WA0019-1-1-300x200.jpg 300w, https:\/\/ausinternationalbuilders.com.au\/tr\/wp-content\/uploads\/2024\/04\/IMG-20240403-WA0019-1-1-1024x682.jpg 1024w, https:\/\/ausinternationalbuilders.com.au\/tr\/wp-content\/uploads\/2024\/04\/IMG-20240403-WA0019-1-1-768x512.jpg 768w, https:\/\/ausinternationalbuilders.com.au\/tr\/wp-content\/uploads\/2024\/04\/IMG-20240403-WA0019-1-1-1536x1023.jpg 1536w\" sizes=\"(max-width: 1600px) 100vw, 1600px\" \/>\t\t\t\t\t\t\t\t\t\t\t\t\t<\/div>\n\t\t\t\t<\/div>\n\t\t\t\t<div class=\"elementor-element elementor-element-9b42d48 elementor-widget elementor-widget-image\" data-id=\"9b42d48\" data-element_type=\"widget\" data-widget_type=\"image.default\">\n\t\t\t\t<div class=\"elementor-widget-container\">\n\t\t\t\t\t\t\t\t\t\t\t\t\t<img decoding=\"async\" width=\"2048\" height=\"2560\" src=\"https:\/\/ausinternationalbuilders.com.au\/tr\/wp-content\/uploads\/2024\/03\/land-scaled-1-1.jpg\" class=\"attachment-full size-full wp-image-1964\" alt=\"\" srcset=\"https:\/\/ausinternationalbuilders.com.au\/tr\/wp-content\/uploads\/2024\/03\/land-scaled-1-1.jpg 2048w, https:\/\/ausinternationalbuilders.com.au\/tr\/wp-content\/uploads\/2024\/03\/land-scaled-1-1-240x300.jpg 240w, https:\/\/ausinternationalbuilders.com.au\/tr\/wp-content\/uploads\/2024\/03\/land-scaled-1-1-819x1024.jpg 819w, https:\/\/ausinternationalbuilders.com.au\/tr\/wp-content\/uploads\/2024\/03\/land-scaled-1-1-768x960.jpg 768w, https:\/\/ausinternationalbuilders.com.au\/tr\/wp-content\/uploads\/2024\/03\/land-scaled-1-1-1229x1536.jpg 1229w, https:\/\/ausinternationalbuilders.com.au\/tr\/wp-content\/uploads\/2024\/03\/land-scaled-1-1-1638x2048.jpg 1638w\" sizes=\"(max-width: 2048px) 100vw, 2048px\" \/>\t\t\t\t\t\t\t\t\t\t\t\t\t<\/div>\n\t\t\t\t<\/div>\n\t\t\t\t\t<\/div>\n\t\t<\/div>\n\t\t\t\t<div class=\"elementor-column elementor-col-50 elementor-inner-column elementor-element elementor-element-a85caf1\" data-id=\"a85caf1\" data-element_type=\"column\">\n\t\t\t<div class=\"elementor-widget-wrap elementor-element-populated\">\n\t\t\t\t\t\t<div class=\"elementor-element elementor-element-da4c8d3 elementor-widget elementor-widget-image\" data-id=\"da4c8d3\" data-element_type=\"widget\" data-widget_type=\"image.default\">\n\t\t\t\t<div class=\"elementor-widget-container\">\n\t\t\t\t\t\t\t\t\t\t\t\t\t<img decoding=\"async\" width=\"1600\" height=\"1289\" src=\"https:\/\/ausinternationalbuilders.com.au\/tr\/wp-content\/uploads\/2024\/04\/IMG-20240403-WA0016-1-1.jpg\" class=\"attachment-full size-full wp-image-3330\" alt=\"\" srcset=\"https:\/\/ausinternationalbuilders.com.au\/tr\/wp-content\/uploads\/2024\/04\/IMG-20240403-WA0016-1-1.jpg 1600w, https:\/\/ausinternationalbuilders.com.au\/tr\/wp-content\/uploads\/2024\/04\/IMG-20240403-WA0016-1-1-300x242.jpg 300w, https:\/\/ausinternationalbuilders.com.au\/tr\/wp-content\/uploads\/2024\/04\/IMG-20240403-WA0016-1-1-1024x825.jpg 1024w, https:\/\/ausinternationalbuilders.com.au\/tr\/wp-content\/uploads\/2024\/04\/IMG-20240403-WA0016-1-1-768x619.jpg 768w, https:\/\/ausinternationalbuilders.com.au\/tr\/wp-content\/uploads\/2024\/04\/IMG-20240403-WA0016-1-1-1536x1237.jpg 1536w\" sizes=\"(max-width: 1600px) 100vw, 1600px\" \/>\t\t\t\t\t\t\t\t\t\t\t\t\t<\/div>\n\t\t\t\t<\/div>\n\t\t\t\t<div class=\"elementor-element elementor-element-10a4e04 elementor-widget elementor-widget-image\" data-id=\"10a4e04\" data-element_type=\"widget\" data-widget_type=\"image.default\">\n\t\t\t\t<div class=\"elementor-widget-container\">\n\t\t\t\t\t\t\t\t\t\t\t\t\t<img loading=\"lazy\" decoding=\"async\" width=\"1280\" height=\"1280\" src=\"https:\/\/ausinternationalbuilders.com.au\/tr\/wp-content\/uploads\/2024\/04\/IMG-20240403-WA0002-1-1.jpg\" class=\"attachment-full size-full wp-image-3316\" alt=\"\" srcset=\"https:\/\/ausinternationalbuilders.com.au\/tr\/wp-content\/uploads\/2024\/04\/IMG-20240403-WA0002-1-1.jpg 1280w, https:\/\/ausinternationalbuilders.com.au\/tr\/wp-content\/uploads\/2024\/04\/IMG-20240403-WA0002-1-1-300x300.jpg 300w, https:\/\/ausinternationalbuilders.com.au\/tr\/wp-content\/uploads\/2024\/04\/IMG-20240403-WA0002-1-1-1024x1024.jpg 1024w, https:\/\/ausinternationalbuilders.com.au\/tr\/wp-content\/uploads\/2024\/04\/IMG-20240403-WA0002-1-1-150x150.jpg 150w, https:\/\/ausinternationalbuilders.com.au\/tr\/wp-content\/uploads\/2024\/04\/IMG-20240403-WA0002-1-1-768x768.jpg 768w\" sizes=\"(max-width: 1280px) 100vw, 1280px\" \/>\t\t\t\t\t\t\t\t\t\t\t\t\t<\/div>\n\t\t\t\t<\/div>\n\t\t\t\t\t<\/div>\n\t\t<\/div>\n\t\t\t\t\t<\/div>\n\t\t<\/section>\n\t\t\t\t\t<\/div>\n\t\t<\/div>\n\t\t\t\t<div class=\"elementor-column elementor-col-50 elementor-top-column elementor-element elementor-element-48eb0b0 skt-glaziers-section-2-right\" data-id=\"48eb0b0\" data-element_type=\"column\">\n\t\t\t<div class=\"elementor-widget-wrap elementor-element-populated\">\n\t\t\t\t\t\t<div class=\"elementor-element elementor-element-d4eec85 elementor-widget elementor-widget-text-editor\" data-id=\"d4eec85\" data-element_type=\"widget\" data-widget_type=\"text-editor.default\">\n\t\t\t\t<div class=\"elementor-widget-container\">\n\t\t\t<style>\/*! elementor - v3.21.0 - 20-05-2024 *\/\n.elementor-widget-text-editor.elementor-drop-cap-view-stacked .elementor-drop-cap{background-color:#69727d;color:#fff}.elementor-widget-text-editor.elementor-drop-cap-view-framed .elementor-drop-cap{color:#69727d;border:3px solid;background-color:transparent}.elementor-widget-text-editor:not(.elementor-drop-cap-view-default) .elementor-drop-cap{margin-top:8px}.elementor-widget-text-editor:not(.elementor-drop-cap-view-default) .elementor-drop-cap-letter{width:1em;height:1em}.elementor-widget-text-editor .elementor-drop-cap{float:left;text-align:center;line-height:1;font-size:50px}.elementor-widget-text-editor .elementor-drop-cap-letter{display:inline-block}<\/style>\t\t\t\t<p>AIB, Avustralya in\u015faat standartlar\u0131n\u0131 ve s\u00fcrd\u00fcr\u00fclebilirli\u011fini daha geni\u015f bir uluslararas\u0131 a\u015famaya y\u00fckseltme konusundaki liderli\u011fimize kat\u0131lmak i\u00e7in e\u015fsiz bir \u015fans sunuyor. Nas\u0131l bunun bir par\u00e7as\u0131 olabilirsiniz? Gayrimenkul geli\u015ftirme projelerimize yat\u0131r\u0131m yaparak arazi m\u00fclkiyeti, proje y\u00f6netimi ve geli\u015ftirmenin tamamlanmas\u0131yla ilgili karma\u015f\u0131kl\u0131klar\u0131 ortadan kald\u0131rabilirsiniz.<\/p><p>Bunun yerine, y\u00fcksek kaliteli &#8220;SATILDI&#8221; gayrimenkullerden gelen mali faydalara odaklan\u0131n. AIB, pazarlaman\u0131n t\u00fcm y\u00f6nlerini y\u00f6netme ve gayrimenkul i\u015flemlerini tamamlama konusunda dizginleri eline alarak sizin i\u00e7in sorunsuz ve k\u00e2rl\u0131 bir deneyim sa\u011flar. Bu yakla\u015f\u0131m sadece yat\u0131r\u0131mc\u0131lara fayda sa\u011flamakla kalm\u0131yor, ayn\u0131 zamanda yerel topluluklar\u0131 da olumlu etkileyerek b\u00fcy\u00fcmelerine ve geli\u015fmelerine katk\u0131da bulunuyor. AIB ile ortakl\u0131k kurarak yaln\u0131zca gayrimenkul yat\u0131r\u0131m\u0131 yapm\u0131yorsunuz; kalite ve s\u00fcrd\u00fcr\u00fclebilirli\u011fin en \u00f6nemli oldu\u011fu bir gelece\u011fe yat\u0131r\u0131m yap\u0131yorsunuz.<\/p><p>\u0130n\u015faat ve geli\u015ftirmede m\u00fckemmelli\u011fe olan ba\u011fl\u0131l\u0131\u011f\u0131m\u0131z, yaln\u0131zca m\u00fclk yaratmad\u0131\u011f\u0131m\u0131z anlam\u0131na gelir; topluluklar olu\u015fturuyoruz ve ya\u015fam alanlar\u0131 i\u00e7in yeni uluslararas\u0131 \u00f6l\u00e7\u00fctler belirliyoruz. Yat\u0131r\u0131m\u0131n\u0131z\u0131n d\u00fcnyada kal\u0131c\u0131 bir fark yaratmak i\u00e7in finansal getirilerin \u00f6tesine ge\u00e7ti\u011fi, daha s\u00fcrd\u00fcr\u00fclebilir ve m\u00fcreffeh bir gelece\u011fe y\u00f6nelik bu yolculukta bize kat\u0131l\u0131n.<\/p>\t\t\t\t\t\t<\/div>\n\t\t\t\t<\/div>\n\t\t\t\t\t<\/div>\n\t\t<\/div>\n\t\t\t\t\t<\/div>\n\t\t<\/section>\n\t\t\t\t<section class=\"elementor-section elementor-top-section elementor-element elementor-element-7f6d485 elementor-section-boxed elementor-section-height-default elementor-section-height-default wpr-particle-no wpr-parallax-no wpr-sticky-section-no\" data-id=\"7f6d485\" data-element_type=\"section\" data-settings=\"{&quot;background_background&quot;:&quot;classic&quot;}\">\n\t\t\t\t\t\t\t<div class=\"elementor-background-overlay\"><\/div>\n\t\t\t\t\t\t\t<div class=\"elementor-container elementor-column-gap-default\">\n\t\t\t\t\t<div class=\"elementor-column elementor-col-100 elementor-top-column elementor-element elementor-element-9a0f48b\" data-id=\"9a0f48b\" data-element_type=\"column\">\n\t\t\t<div class=\"elementor-widget-wrap elementor-element-populated\">\n\t\t\t\t\t\t<div class=\"elementor-element elementor-element-1c4711f elementor-widget elementor-widget-heading\" data-id=\"1c4711f\" data-element_type=\"widget\" data-widget_type=\"heading.default\">\n\t\t\t\t<div class=\"elementor-widget-container\">\n\t\t\t<h2 class=\"elementor-heading-title elementor-size-default\">Yat\u0131r\u0131m f\u0131rsatlar\u0131 hakk\u0131nda daha fazla bilgi edinmek i\u00e7in bizimle ileti\u015fime ge\u00e7in.<\/h2>\t\t<\/div>\n\t\t\t\t<\/div>\n\t\t\t\t<div class=\"elementor-element elementor-element-f3755ce elementor-widget-divider--view-line elementor-widget elementor-widget-divider\" data-id=\"f3755ce\" data-element_type=\"widget\" data-widget_type=\"divider.default\">\n\t\t\t\t<div class=\"elementor-widget-container\">\n\t\t\t\t\t<div class=\"elementor-divider\">\n\t\t\t<span class=\"elementor-divider-separator\">\n\t\t\t\t\t\t<\/span>\n\t\t<\/div>\n\t\t\t\t<\/div>\n\t\t\t\t<\/div>\n\t\t\t\t<div class=\"elementor-element elementor-element-104d574 wpr-button-icon-style-inline wpr-button-icon-position-right elementor-widget elementor-widget-wpr-button\" data-id=\"104d574\" data-element_type=\"widget\" data-widget_type=\"wpr-button.default\">\n\t\t\t\t<div class=\"elementor-widget-container\">\n\t\t\t\t\n\t\t\t\n\t\t\n\t\t<div class=\"wpr-button-wrap elementor-clearfix\">\n\t\t<a class=\"wpr-button wpr-button-effect wpr-button-none\" data-text=\"Go\" href=\"https:\/\/ausinternationalbuilders.com.au\/tr\/iletisim\/\">\n\t\t\t\n\t\t\t<span class=\"wpr-button-content\">\n\t\t\t\t\t\t\t\t\t<span class=\"wpr-button-text\">\u0130leti\u015fim<\/span>\n\t\t\t\t\t\t\t\t\n\t\t\t\t\t\t\t<\/span>\n\t\t<\/a>\n\n\t\t\t\t<\/div>\n\t\n\t\n\t\t\t<\/div>\n\t\t\t\t<\/div>\n\t\t\t\t\t<\/div>\n\t\t<\/div>\n\t\t\t\t\t<\/div>\n\t\t<\/section>\n\t\t\t\t<\/div>\n\t\t","protected":false},"excerpt":{"rendered":"<p>Yat\u0131r\u0131m Bilin\u00e7li bir yat\u0131r\u0131m f\u0131rsat\u0131 m\u0131 ar\u0131yorsunuz? AIB, Avustralya in\u015faat standartlar\u0131n\u0131 ve s\u00fcrd\u00fcr\u00fclebilirli\u011fini daha geni\u015f bir uluslararas\u0131 a\u015famaya y\u00fckseltme konusundaki liderli\u011fimize kat\u0131lmak i\u00e7in e\u015fsiz bir \u015fans sunuyor. Nas\u0131l bunun bir par\u00e7as\u0131 olabilirsiniz? Gayrimenkul geli\u015ftirme projelerimize yat\u0131r\u0131m yaparak arazi m\u00fclkiyeti, proje y\u00f6netimi ve geli\u015ftirmenin tamamlanmas\u0131yla ilgili karma\u015f\u0131kl\u0131klar\u0131 ortadan kald\u0131rabilirsiniz. Bunun yerine, y\u00fcksek kaliteli &#8220;SATILDI&#8221; gayrimenkullerden gelen [&hellip;]<\/p>\n","protected":false},"author":1,"featured_media":0,"parent":0,"menu_order":0,"comment_status":"closed","ping_status":"closed","template":"elementor_canvas","meta":{"footnotes":""},"class_list":["post-2712","page","type-page","status-publish","hentry"],"_links":{"self":[{"href":"https:\/\/ausinternationalbuilders.com.au\/tr\/wp-json\/wp\/v2\/pages\/2712","targetHints":{"allow":["GET"]}}],"collection":[{"href":"https:\/\/ausinternationalbuilders.com.au\/tr\/wp-json\/wp\/v2\/pages"}],"about":[{"href":"https:\/\/ausinternationalbuilders.com.au\/tr\/wp-json\/wp\/v2\/types\/page"}],"author":[{"embeddable":true,"href":"https:\/\/ausinternationalbuilders.com.au\/tr\/wp-json\/wp\/v2\/users\/1"}],"replies":[{"embeddable":true,"href":"https:\/\/ausinternationalbuilders.com.au\/tr\/wp-json\/wp\/v2\/comments?post=2712"}],"version-history":[{"count":4,"href":"https:\/\/ausinternationalbuilders.com.au\/tr\/wp-json\/wp\/v2\/pages\/2712\/revisions"}],"predecessor-version":[{"id":3864,"href":"https:\/\/ausinternationalbuilders.com.au\/tr\/wp-json\/wp\/v2\/pages\/2712\/revisions\/3864"}],"wp:attachment":[{"href":"https:\/\/ausinternationalbuilders.com.au\/tr\/wp-json\/wp\/v2\/media?parent=2712"}],"curies":[{"name":"wp","href":"https:\/\/api.w.org\/{rel}","templated":true}]}}