{"id":2697,"date":"2024-03-27T15:07:28","date_gmt":"2024-03-27T12:07:28","guid":{"rendered":"https:\/\/kayawebtasarim.com\/demo\/?page_id=2697"},"modified":"2024-04-20T16:07:47","modified_gmt":"2024-04-20T13:07:47","slug":"partnerlerimiz","status":"publish","type":"page","link":"https:\/\/ausinternationalbuilders.com.au\/tr\/partnerlerimiz\/","title":{"rendered":"Partnerlerimiz"},"content":{"rendered":"\t\t<div data-elementor-type=\"wp-page\" data-elementor-id=\"2697\" class=\"elementor elementor-2697\">\n\t\t\t\t\t\t<section class=\"elementor-section elementor-top-section elementor-element elementor-element-173cc73 elementor-section-height-min-height elementor-section-boxed elementor-section-height-default elementor-section-items-middle wpr-particle-no wpr-jarallax-no wpr-parallax-no wpr-sticky-section-no\" data-id=\"173cc73\" data-element_type=\"section\" data-settings=\"{&quot;background_background&quot;:&quot;classic&quot;}\">\n\t\t\t\t\t\t\t<div class=\"elementor-background-overlay\"><\/div>\n\t\t\t\t\t\t\t<div class=\"elementor-container elementor-column-gap-default\">\n\t\t\t\t\t<div class=\"elementor-column elementor-col-100 elementor-top-column elementor-element elementor-element-4dda959\" data-id=\"4dda959\" data-element_type=\"column\">\n\t\t\t<div class=\"elementor-widget-wrap elementor-element-populated\">\n\t\t\t\t\t\t<div class=\"elementor-element elementor-element-ce0b832 elementor-widget elementor-widget-heading\" data-id=\"ce0b832\" data-element_type=\"widget\" data-widget_type=\"heading.default\">\n\t\t\t\t<div class=\"elementor-widget-container\">\n\t\t\t<style>\/*! elementor - v3.21.0 - 20-05-2024 *\/\n.elementor-heading-title{padding:0;margin:0;line-height:1}.elementor-widget-heading .elementor-heading-title[class*=elementor-size-]>a{color:inherit;font-size:inherit;line-height:inherit}.elementor-widget-heading .elementor-heading-title.elementor-size-small{font-size:15px}.elementor-widget-heading .elementor-heading-title.elementor-size-medium{font-size:19px}.elementor-widget-heading .elementor-heading-title.elementor-size-large{font-size:29px}.elementor-widget-heading .elementor-heading-title.elementor-size-xl{font-size:39px}.elementor-widget-heading .elementor-heading-title.elementor-size-xxl{font-size:59px}<\/style><h2 class=\"elementor-heading-title elementor-size-default\">Arazi Geli\u015ftirme<\/h2>\t\t<\/div>\n\t\t\t\t<\/div>\n\t\t\t\t\t<\/div>\n\t\t<\/div>\n\t\t\t\t\t<\/div>\n\t\t<\/section>\n\t\t<div class=\"elementor-element elementor-element-d7a6cc9 e-flex e-con-boxed wpr-particle-no wpr-jarallax-no wpr-parallax-no wpr-sticky-section-no e-con e-parent\" data-id=\"d7a6cc9\" data-element_type=\"container\">\n\t\t\t\t\t<div class=\"e-con-inner\">\n\t\t\t\t<div class=\"elementor-element elementor-element-aeedec1 elementor-widget elementor-widget-heading\" data-id=\"aeedec1\" data-element_type=\"widget\" data-widget_type=\"heading.default\">\n\t\t\t\t<div class=\"elementor-widget-container\">\n\t\t\t<h2 class=\"elementor-heading-title elementor-size-default\">ARAZ\u0130N\u0130Z\u0130 GEL\u0130\u015eT\u0130RMEK \u0130STER M\u0130S\u0130N\u0130Z?<\/h2>\t\t<\/div>\n\t\t\t\t<\/div>\n\t\t\t\t<div class=\"elementor-element elementor-element-352f02b elementor-widget-divider--view-line elementor-widget elementor-widget-divider\" data-id=\"352f02b\" data-element_type=\"widget\" data-widget_type=\"divider.default\">\n\t\t\t\t<div class=\"elementor-widget-container\">\n\t\t\t<style>\/*! elementor - v3.21.0 - 20-05-2024 *\/\n.elementor-widget-divider{--divider-border-style:none;--divider-border-width:1px;--divider-color:#0c0d0e;--divider-icon-size:20px;--divider-element-spacing:10px;--divider-pattern-height:24px;--divider-pattern-size:20px;--divider-pattern-url:none;--divider-pattern-repeat:repeat-x}.elementor-widget-divider .elementor-divider{display:flex}.elementor-widget-divider .elementor-divider__text{font-size:15px;line-height:1;max-width:95%}.elementor-widget-divider .elementor-divider__element{margin:0 var(--divider-element-spacing);flex-shrink:0}.elementor-widget-divider .elementor-icon{font-size:var(--divider-icon-size)}.elementor-widget-divider .elementor-divider-separator{display:flex;margin:0;direction:ltr}.elementor-widget-divider--view-line_icon .elementor-divider-separator,.elementor-widget-divider--view-line_text .elementor-divider-separator{align-items:center}.elementor-widget-divider--view-line_icon .elementor-divider-separator:after,.elementor-widget-divider--view-line_icon .elementor-divider-separator:before,.elementor-widget-divider--view-line_text .elementor-divider-separator:after,.elementor-widget-divider--view-line_text .elementor-divider-separator:before{display:block;content:\"\";border-block-end:0;flex-grow:1;border-block-start:var(--divider-border-width) var(--divider-border-style) var(--divider-color)}.elementor-widget-divider--element-align-left .elementor-divider .elementor-divider-separator>.elementor-divider__svg:first-of-type{flex-grow:0;flex-shrink:100}.elementor-widget-divider--element-align-left .elementor-divider-separator:before{content:none}.elementor-widget-divider--element-align-left .elementor-divider__element{margin-left:0}.elementor-widget-divider--element-align-right .elementor-divider .elementor-divider-separator>.elementor-divider__svg:last-of-type{flex-grow:0;flex-shrink:100}.elementor-widget-divider--element-align-right .elementor-divider-separator:after{content:none}.elementor-widget-divider--element-align-right .elementor-divider__element{margin-right:0}.elementor-widget-divider--element-align-start .elementor-divider .elementor-divider-separator>.elementor-divider__svg:first-of-type{flex-grow:0;flex-shrink:100}.elementor-widget-divider--element-align-start .elementor-divider-separator:before{content:none}.elementor-widget-divider--element-align-start .elementor-divider__element{margin-inline-start:0}.elementor-widget-divider--element-align-end .elementor-divider .elementor-divider-separator>.elementor-divider__svg:last-of-type{flex-grow:0;flex-shrink:100}.elementor-widget-divider--element-align-end .elementor-divider-separator:after{content:none}.elementor-widget-divider--element-align-end .elementor-divider__element{margin-inline-end:0}.elementor-widget-divider:not(.elementor-widget-divider--view-line_text):not(.elementor-widget-divider--view-line_icon) .elementor-divider-separator{border-block-start:var(--divider-border-width) var(--divider-border-style) var(--divider-color)}.elementor-widget-divider--separator-type-pattern{--divider-border-style:none}.elementor-widget-divider--separator-type-pattern.elementor-widget-divider--view-line .elementor-divider-separator,.elementor-widget-divider--separator-type-pattern:not(.elementor-widget-divider--view-line) .elementor-divider-separator:after,.elementor-widget-divider--separator-type-pattern:not(.elementor-widget-divider--view-line) .elementor-divider-separator:before,.elementor-widget-divider--separator-type-pattern:not([class*=elementor-widget-divider--view]) .elementor-divider-separator{width:100%;min-height:var(--divider-pattern-height);-webkit-mask-size:var(--divider-pattern-size) 100%;mask-size:var(--divider-pattern-size) 100%;-webkit-mask-repeat:var(--divider-pattern-repeat);mask-repeat:var(--divider-pattern-repeat);background-color:var(--divider-color);-webkit-mask-image:var(--divider-pattern-url);mask-image:var(--divider-pattern-url)}.elementor-widget-divider--no-spacing{--divider-pattern-size:auto}.elementor-widget-divider--bg-round{--divider-pattern-repeat:round}.rtl .elementor-widget-divider .elementor-divider__text{direction:rtl}.e-con-inner>.elementor-widget-divider,.e-con>.elementor-widget-divider{width:var(--container-widget-width,100%);--flex-grow:var(--container-widget-flex-grow)}<\/style>\t\t<div class=\"elementor-divider\">\n\t\t\t<span class=\"elementor-divider-separator\">\n\t\t\t\t\t\t<\/span>\n\t\t<\/div>\n\t\t\t\t<\/div>\n\t\t\t\t<\/div>\n\t\t\t\t\t<\/div>\n\t\t\t\t<\/div>\n\t\t<div class=\"elementor-element elementor-element-bbfb666 e-flex e-con-boxed wpr-particle-no wpr-jarallax-no wpr-parallax-no wpr-sticky-section-no e-con e-parent\" data-id=\"bbfb666\" data-element_type=\"container\">\n\t\t\t\t\t<div class=\"e-con-inner\">\n\t\t<div class=\"elementor-element elementor-element-546f03b e-con-full e-flex wpr-particle-no wpr-jarallax-no wpr-parallax-no wpr-sticky-section-no e-con e-child\" data-id=\"546f03b\" data-element_type=\"container\">\n\t\t\t\t<div class=\"elementor-element elementor-element-a504705 elementor-widget elementor-widget-wpr-before-after\" data-id=\"a504705\" data-element_type=\"widget\" data-widget_type=\"wpr-before-after.default\">\n\t\t\t\t<div class=\"elementor-widget-container\">\n\t\t\t<div class=\"wpr-ba-image-container wpr-ba-horizontal wpr-ba-labels-default\" data-position=\"50\" data-trigger=\"drag\"><div class=\"wpr-ba-image-1\"><img decoding=\"async\" src=\"https:\/\/kayawebtasarim.com\/demo\/wp-content\/uploads\/2024\/03\/landing.jpg\"><\/div><div class=\"wpr-ba-image-2\"><img decoding=\"async\" src=\"https:\/\/kayawebtasarim.com\/demo\/wp-content\/uploads\/2024\/03\/slider-3-scaled.jpg\"><\/div><div class=\"wpr-ba-divider\"><div class=\"wpr-ba-divider-icons\"><i class=\"fa fa-caret-left\"><\/i><i class=\"fa fa-caret-right\"><\/i><\/div><\/div><div class=\"wpr-ba-label wpr-ba-label-1\"><div>Before<\/div><\/div><div class=\"wpr-ba-label wpr-ba-label-2\"><div>After<\/div><\/div><\/div>\t\t<\/div>\n\t\t\t\t<\/div>\n\t\t\t\t<\/div>\n\t\t<div class=\"elementor-element elementor-element-49d055d e-con-full e-flex wpr-particle-no wpr-jarallax-no wpr-parallax-no wpr-sticky-section-no e-con e-child\" data-id=\"49d055d\" data-element_type=\"container\">\n\t\t\t\t<div class=\"elementor-element elementor-element-a8b3887 elementor-widget elementor-widget-text-editor\" data-id=\"a8b3887\" data-element_type=\"widget\" data-widget_type=\"text-editor.default\">\n\t\t\t\t<div class=\"elementor-widget-container\">\n\t\t\t<style>\/*! elementor - v3.21.0 - 20-05-2024 *\/\n.elementor-widget-text-editor.elementor-drop-cap-view-stacked .elementor-drop-cap{background-color:#69727d;color:#fff}.elementor-widget-text-editor.elementor-drop-cap-view-framed .elementor-drop-cap{color:#69727d;border:3px solid;background-color:transparent}.elementor-widget-text-editor:not(.elementor-drop-cap-view-default) .elementor-drop-cap{margin-top:8px}.elementor-widget-text-editor:not(.elementor-drop-cap-view-default) .elementor-drop-cap-letter{width:1em;height:1em}.elementor-widget-text-editor .elementor-drop-cap{float:left;text-align:center;line-height:1;font-size:50px}.elementor-widget-text-editor .elementor-drop-cap-letter{display:inline-block}<\/style>\t\t\t\t<p><strong>Arazinizi geli\u015ftirmek isteyen bir arazi sahibi misiniz?<\/strong><\/p><p>Geli\u015ftirmeyi d\u00fc\u015f\u00fcnd\u00fc\u011f\u00fcn\u00fcz araziniz var, ancak onu geli\u015ftirmenin g\u00f6z korkutucu maliyetleri ve karma\u015f\u0131kl\u0131klar\u0131 nedeniyle kendinizi engellenmi\u015f halde mi buluyorsunuz? AIB, devlet kurumlar\u0131, mimarlar, in\u015faat\u00e7\u0131lar, emlak\u00e7\u0131lar ve di\u011fer kurulu\u015flarla i\u015f yapman\u0131n karma\u015f\u0131kl\u0131klar\u0131n\u0131 a\u015fman\u0131n y\u00fck\u00fcn\u00fc hafifletecek bir \u00e7\u00f6z\u00fcm sunuyor. AIB ile yat\u0131r\u0131m\u0131n\u0131z paran\u0131z\u0131 veya zaman\u0131n\u0131z\u0131 de\u011fil, yaln\u0131zca araziyi gerektirir. Sayg\u0131n uluslararas\u0131 ekibimiz, Avustralya bina standartlar\u0131na uygun, anahtar teslimi, son teknoloji \u00fcr\u00fcn\u00fc, s\u00fcrd\u00fcr\u00fclebilir villalar ve\/veya daireler sunarak m\u00fclk\u00fcn\u00fcz\u00fcn\/m\u00fclklerinizin sat\u0131\u015f\u0131ndan \u00f6nemli bir getiri elde etmenizi sa\u011flar.<\/p><p>AIB ile ortak olmay\u0131 se\u00e7erek, m\u00fclk(ler)inizden y\u00fcksek getiriyi g\u00fcvenli bir \u015fekilde g\u00fcvence alt\u0131na alacak \u015fekilde kendinizi konumland\u0131r\u0131rs\u0131n\u0131z. Rol\u00fcn\u00fcz basit: araziyi sa\u011flay\u0131n. AIB, bu noktadan sonra t\u00fcm planlama ve in\u015faat s\u00fcre\u00e7lerinin sorumlulu\u011funu \u00fcstlenir ve yolun her ad\u0131m\u0131nda girdilerinize de\u011fer verir. Sonu\u00e7, yerel topluluklar\u0131n kalk\u0131nmas\u0131na ve zenginle\u015fmesine \u00f6nemli bir katk\u0131n\u0131n yan\u0131 s\u0131ra, kar\u015f\u0131l\u0131kl\u0131 yarar sa\u011flayan bir mali kazan\u00e7t\u0131r.<\/p><p>Bu ortakl\u0131k yaln\u0131zca finansal \u00f6d\u00fcller vaat etmekle kalm\u0131yor, ayn\u0131 zamanda toplulu\u011fun b\u00fcy\u00fcmesini ve s\u00fcrd\u00fcr\u00fclebilirli\u011fini te\u015fvik etme konusunda bir gurur duygusu da sunuyor. AIB ile yaln\u0131zca arazi geli\u015ftirmiyorsunuz; bir miras in\u015fa ediyoruz.<\/p>\t\t\t\t\t\t<\/div>\n\t\t\t\t<\/div>\n\t\t\t\t<\/div>\n\t\t\t\t\t<\/div>\n\t\t\t\t<\/div>\n\t\t\t\t<section class=\"elementor-section elementor-top-section elementor-element elementor-element-738102d elementor-section-boxed elementor-section-height-default elementor-section-height-default wpr-particle-no wpr-parallax-no wpr-sticky-section-no\" data-id=\"738102d\" data-element_type=\"section\" data-settings=\"{&quot;background_background&quot;:&quot;classic&quot;}\">\n\t\t\t\t\t\t\t<div class=\"elementor-background-overlay\"><\/div>\n\t\t\t\t\t\t\t<div class=\"elementor-container elementor-column-gap-default\">\n\t\t\t\t\t<div class=\"elementor-column elementor-col-100 elementor-top-column elementor-element elementor-element-8132404\" data-id=\"8132404\" data-element_type=\"column\">\n\t\t\t<div class=\"elementor-widget-wrap elementor-element-populated\">\n\t\t\t\t\t\t<div class=\"elementor-element elementor-element-f2d4be0 elementor-widget elementor-widget-heading\" data-id=\"f2d4be0\" data-element_type=\"widget\" data-widget_type=\"heading.default\">\n\t\t\t\t<div class=\"elementor-widget-container\">\n\t\t\t<h2 class=\"elementor-heading-title elementor-size-default\">AIB Ortakl\u0131\u011f\u0131 f\u0131rsatlar\u0131 hakk\u0131nda daha fazla bilgi edinmek i\u00e7in bizimle ileti\u015fime ge\u00e7in.<\/h2>\t\t<\/div>\n\t\t\t\t<\/div>\n\t\t\t\t<div class=\"elementor-element elementor-element-c8c6c37 elementor-widget-divider--view-line elementor-widget elementor-widget-divider\" data-id=\"c8c6c37\" data-element_type=\"widget\" data-widget_type=\"divider.default\">\n\t\t\t\t<div class=\"elementor-widget-container\">\n\t\t\t\t\t<div class=\"elementor-divider\">\n\t\t\t<span class=\"elementor-divider-separator\">\n\t\t\t\t\t\t<\/span>\n\t\t<\/div>\n\t\t\t\t<\/div>\n\t\t\t\t<\/div>\n\t\t\t\t<div class=\"elementor-element elementor-element-133c2a5 wpr-button-icon-style-inline wpr-button-icon-position-right elementor-widget elementor-widget-wpr-button\" data-id=\"133c2a5\" data-element_type=\"widget\" data-widget_type=\"wpr-button.default\">\n\t\t\t\t<div class=\"elementor-widget-container\">\n\t\t\t\t\n\t\t\t\n\t\t\n\t\t<div class=\"wpr-button-wrap elementor-clearfix\">\n\t\t<a class=\"wpr-button wpr-button-effect wpr-button-none\" data-text=\"Go\" href=\"https:\/\/ausinternationalbuilders.com.au\/tr\/iletisim\/\">\n\t\t\t\n\t\t\t<span class=\"wpr-button-content\">\n\t\t\t\t\t\t\t\t\t<span class=\"wpr-button-text\">\u0130leti\u015fim<\/span>\n\t\t\t\t\t\t\t\t\n\t\t\t\t\t\t\t<\/span>\n\t\t<\/a>\n\n\t\t\t\t<\/div>\n\t\n\t\n\t\t\t<\/div>\n\t\t\t\t<\/div>\n\t\t\t\t\t<\/div>\n\t\t<\/div>\n\t\t\t\t\t<\/div>\n\t\t<\/section>\n\t\t\t\t<\/div>\n\t\t","protected":false},"excerpt":{"rendered":"<p>Arazi Geli\u015ftirme ARAZ\u0130N\u0130Z\u0130 GEL\u0130\u015eT\u0130RMEK \u0130STER M\u0130S\u0130N\u0130Z? BeforeAfter Arazinizi geli\u015ftirmek isteyen bir arazi sahibi misiniz? Geli\u015ftirmeyi d\u00fc\u015f\u00fcnd\u00fc\u011f\u00fcn\u00fcz araziniz var, ancak onu geli\u015ftirmenin g\u00f6z korkutucu maliyetleri ve karma\u015f\u0131kl\u0131klar\u0131 nedeniyle kendinizi engellenmi\u015f halde mi buluyorsunuz? AIB, devlet kurumlar\u0131, mimarlar, in\u015faat\u00e7\u0131lar, emlak\u00e7\u0131lar ve di\u011fer kurulu\u015flarla i\u015f yapman\u0131n karma\u015f\u0131kl\u0131klar\u0131n\u0131 a\u015fman\u0131n y\u00fck\u00fcn\u00fc hafifletecek bir \u00e7\u00f6z\u00fcm sunuyor. AIB ile yat\u0131r\u0131m\u0131n\u0131z paran\u0131z\u0131 veya [&hellip;]<\/p>\n","protected":false},"author":1,"featured_media":0,"parent":0,"menu_order":0,"comment_status":"closed","ping_status":"closed","template":"elementor_canvas","meta":{"footnotes":""},"class_list":["post-2697","page","type-page","status-publish","hentry"],"_links":{"self":[{"href":"https:\/\/ausinternationalbuilders.com.au\/tr\/wp-json\/wp\/v2\/pages\/2697","targetHints":{"allow":["GET"]}}],"collection":[{"href":"https:\/\/ausinternationalbuilders.com.au\/tr\/wp-json\/wp\/v2\/pages"}],"about":[{"href":"https:\/\/ausinternationalbuilders.com.au\/tr\/wp-json\/wp\/v2\/types\/page"}],"author":[{"embeddable":true,"href":"https:\/\/ausinternationalbuilders.com.au\/tr\/wp-json\/wp\/v2\/users\/1"}],"replies":[{"embeddable":true,"href":"https:\/\/ausinternationalbuilders.com.au\/tr\/wp-json\/wp\/v2\/comments?post=2697"}],"version-history":[{"count":10,"href":"https:\/\/ausinternationalbuilders.com.au\/tr\/wp-json\/wp\/v2\/pages\/2697\/revisions"}],"predecessor-version":[{"id":3876,"href":"https:\/\/ausinternationalbuilders.com.au\/tr\/wp-json\/wp\/v2\/pages\/2697\/revisions\/3876"}],"wp:attachment":[{"href":"https:\/\/ausinternationalbuilders.com.au\/tr\/wp-json\/wp\/v2\/media?parent=2697"}],"curies":[{"name":"wp","href":"https:\/\/api.w.org\/{rel}","templated":true}]}}